{"id":410,"date":"2015-05-04T09:13:13","date_gmt":"2015-05-04T12:13:13","guid":{"rendered":"http:\/\/bgnweb.com.br\/portal2\/?page_id=410"},"modified":"2021-06-29T12:06:06","modified_gmt":"2021-06-29T15:06:06","slug":"sigaconhecendoobrasileomundo","status":"publish","type":"page","link":"https:\/\/passa.la\/index.php\/sigaconhecendoobrasileomundo\/","title":{"rendered":"Instagram"},"content":{"rendered":"\n<p>Siga @conhecendoobrasileomundo no Instagram Conhecendo o Brasil e o Mundo Instagram nesta p\u00e1gina veja os \u00faltimos post no perfil<\/p>\n\n\n\n<div id=\"sb_instagram\"  class=\"sbi sbi_mob_col_1 sbi_tab_col_2 sbi_col_4 sbi_width_resp\" style=\"padding-bottom: 10px;width: 100%;\" data-feedid=\"*1\"  data-res=\"auto\" data-cols=\"4\" data-colsmobile=\"1\" data-colstablet=\"2\" data-num=\"40\" data-nummobile=\"\" data-item-padding=\"5\" data-shortcode-atts=\"{}\"  data-postid=\"410\" data-locatornonce=\"fa328b69b4\" data-sbi-flags=\"favorLocal\">\n\t\n    <div id=\"sbi_images\"  style=\"gap: 10px;\">\n\t\t    <\/div>\n\n\t<div id=\"sbi_load\" >\n\n\t\n\t\t\t<span class=\"sbi_follow_btn\">\n        <a href=\"https:\/\/www.instagram.com\/17841422578669504\/\" target=\"_blank\" rel=\"nofollow noopener\">\n            <svg class=\"svg-inline--fa fa-instagram fa-w-14\" aria-hidden=\"true\" data-fa-processed=\"\" aria-label=\"Instagram\" data-prefix=\"fab\" data-icon=\"instagram\" role=\"img\" viewBox=\"0 0 448 512\">\n\t                <path fill=\"currentColor\" d=\"M224.1 141c-63.6 0-114.9 51.3-114.9 114.9s51.3 114.9 114.9 114.9S339 319.5 339 255.9 287.7 141 224.1 141zm0 189.6c-41.1 0-74.7-33.5-74.7-74.7s33.5-74.7 74.7-74.7 74.7 33.5 74.7 74.7-33.6 74.7-74.7 74.7zm146.4-194.3c0 14.9-12 26.8-26.8 26.8-14.9 0-26.8-12-26.8-26.8s12-26.8 26.8-26.8 26.8 12 26.8 26.8zm76.1 27.2c-1.7-35.9-9.9-67.7-36.2-93.9-26.2-26.2-58-34.4-93.9-36.2-37-2.1-147.9-2.1-184.9 0-35.8 1.7-67.6 9.9-93.9 36.1s-34.4 58-36.2 93.9c-2.1 37-2.1 147.9 0 184.9 1.7 35.9 9.9 67.7 36.2 93.9s58 34.4 93.9 36.2c37 2.1 147.9 2.1 184.9 0 35.9-1.7 67.7-9.9 93.9-36.2 26.2-26.2 34.4-58 36.2-93.9 2.1-37 2.1-147.8 0-184.8zM398.8 388c-7.8 19.6-22.9 34.7-42.6 42.6-29.5 11.7-99.5 9-132.1 9s-102.7 2.6-132.1-9c-19.6-7.8-34.7-22.9-42.6-42.6-11.7-29.5-9-99.5-9-132.1s-2.6-102.7 9-132.1c7.8-19.6 22.9-34.7 42.6-42.6 29.5-11.7 99.5-9 132.1-9s102.7-2.6 132.1 9c19.6 7.8 34.7 22.9 42.6 42.6 11.7 29.5 9 99.5 9 132.1s2.7 102.7-9 132.1z\"><\/path>\n\t            <\/svg>            <span>Seguir no Instagram<\/span>\n        <\/a>\n    <\/span>\n\t\n<\/div>\n\n\t    <span class=\"sbi_resized_image_data\" data-feed-id=\"*1\" data-resized=\"[]\">\n\t<\/span>\n\t<\/div>\n\n\n\n\n<p><a href=\"http:\/\/voce.passa.la\/\" target=\"_blank\" rel=\"noreferrer noopener\">http:\/\/voce.passa.la\/<\/a> siga nosso canal no YouTube e veja os v\u00eddeos completos e venha conosco conhecendo o Brasil e o Mundo! Temos dicas de pontos tur\u00edsticos, melhores lugares para hospedagem, restaurante, hot\u00e9is, resorts, praias, cachoeiras, passeios, museus, lugares hist\u00f3ricos e dicas imperd\u00edveis de onde tirar as melhores fotos. <\/p>\n\n\n\n<p>Os melhores lugares e destinos est\u00e3o aqui. Conhecendo o Brasil e o Mundo!<\/p>\n\n\n\n<p>Vamos evoluindo nas edi\u00e7\u00f5es e nas publica\u00e7\u00f5es. Sua opini\u00e3o \u00e9 sempre levada em considera\u00e7\u00e3o para conte\u00fados futuros. Comente e compartilhe o conte\u00fado para ajudar a manter a p\u00e1gina e o canal. <\/p>\n\n\n\n<h3 class=\"wp-block-heading\">Nossos links Siga @conhecendoobrasileomundo!<\/h3>\n\n\n\n<p>Seja membro deste canal e nos ajude a construir mais conte\u00fado:<br><a href=\"https:\/\/www.youtube.com\/channel\/UC9etHcrwI_ru0AsL_2pzpkw\/join\" target=\"_blank\" rel=\"noreferrer noopener\">https:\/\/www.youtube.com\/channel\/UC9etHcrwI_ru0AsL_2pzpkw\/join<\/a><\/p>\n\n\n\n<p><a href=\"https:\/\/www.youtube.com\/c\/ConhecendooBrasil\">https:\/\/www.youtube.com\/c\/ConhecendooBrasil<\/a><\/p>\n\n\n\n<p>Quer saber por onde j\u00e1 fomos e acompanhar todas as avalia\u00e7\u00f5es j\u00e1 realizadas? Veja no Google Maps nossa lista de lugares! <a href=\"https:\/\/maps.app.goo.gl\/PRznu3gax6t8oTUWA\" target=\"_blank\" rel=\"noreferrer noopener\">https:\/\/maps.app.goo.gl\/PRznu3gax6t8oTUWA<\/a><\/p>\n\n\n\n<p>Quer tal nos acompanhar em nossa p\u00e1gina no Facebook? <\/p>\n\n\n\n<p><a href=\"https:\/\/www.facebook.com\/Conhecendo-o-Brasil-e-o-Mundo-112400656963777\/\">https:\/\/www.facebook.com\/Conhecendo-o-Brasil-e-o-Mundo-112400656963777\/<\/a><\/p>\n\n\n\n<p>Quer o link para o Instagram? <strong><a href=\"https:\/\/www.instagram.com\/conhecendoobrasileomundo\/\">https:\/\/www.instagram.com\/conhecendoobrasileomundo\/<\/a><\/strong><\/p>\n\n\n\n<p><\/p>\n\n\n\n<p> <\/p>\n","protected":false},"excerpt":{"rendered":"<p>Siga @conhecendoobrasileomundo no Instagram Conhecendo o Brasil e o Mundo Instagram nesta p\u00e1gina veja os \u00faltimos post no perfil http:\/\/voce.passa.la\/ siga nosso canal no YouTube e veja os v\u00eddeos completos e venha conosco conhecendo o Brasil e o Mundo! Temos dicas de pontos tur\u00edsticos, melhores lugares para hospedagem, restaurante, hot\u00e9is, resorts, praias, cachoeiras, passeios, museus, [&hellip;]<\/p>\n","protected":false},"author":1,"featured_media":1000,"parent":0,"menu_order":0,"comment_status":"closed","ping_status":"open","template":"","meta":{"_monsterinsights_skip_tracking":false,"_monsterinsights_sitenote_active":false,"_monsterinsights_sitenote_note":"","_monsterinsights_sitenote_category":0,"footnotes":""},"class_list":["post-410","page","type-page","status-publish","has-post-thumbnail","hentry"],"aioseo_notices":[],"_links":{"self":[{"href":"https:\/\/passa.la\/index.php\/wp-json\/wp\/v2\/pages\/410","targetHints":{"allow":["GET"]}}],"collection":[{"href":"https:\/\/passa.la\/index.php\/wp-json\/wp\/v2\/pages"}],"about":[{"href":"https:\/\/passa.la\/index.php\/wp-json\/wp\/v2\/types\/page"}],"author":[{"embeddable":true,"href":"https:\/\/passa.la\/index.php\/wp-json\/wp\/v2\/users\/1"}],"replies":[{"embeddable":true,"href":"https:\/\/passa.la\/index.php\/wp-json\/wp\/v2\/comments?post=410"}],"version-history":[{"count":11,"href":"https:\/\/passa.la\/index.php\/wp-json\/wp\/v2\/pages\/410\/revisions"}],"predecessor-version":[{"id":1237,"href":"https:\/\/passa.la\/index.php\/wp-json\/wp\/v2\/pages\/410\/revisions\/1237"}],"wp:featuredmedia":[{"embeddable":true,"href":"https:\/\/passa.la\/index.php\/wp-json\/wp\/v2\/media\/1000"}],"wp:attachment":[{"href":"https:\/\/passa.la\/index.php\/wp-json\/wp\/v2\/media?parent=410"}],"curies":[{"name":"wp","href":"https:\/\/api.w.org\/{rel}","templated":true}]}}